{"id":6396,"date":"2023-07-13T13:14:05","date_gmt":"2023-07-13T13:14:05","guid":{"rendered":"http:\/\/findmystoneremnants.ca\/?page_id=6396"},"modified":"2023-08-04T13:33:59","modified_gmt":"2023-08-04T13:33:59","slug":"selection-de-pierres","status":"publish","type":"page","link":"https:\/\/findmystoneremnants.ca\/fr\/selection-de-pierres\/","title":{"rendered":"S\u00e9lection De Pierres"},"content":{"rendered":"\t\t<div data-elementor-type=\"wp-page\" data-elementor-id=\"6396\" class=\"elementor elementor-6396 elementor-1548\">\n\t\t\t\t\t\t\t\t\t<section class=\"elementor-section elementor-top-section elementor-element elementor-element-2197880 elementor-section-stretched elementor-section-boxed elementor-section-height-default elementor-section-height-default\" data-id=\"2197880\" data-element_type=\"section\" data-settings=\"{&quot;stretch_section&quot;:&quot;section-stretched&quot;,&quot;background_background&quot;:&quot;classic&quot;}\">\n\t\t\t\t\t\t\t<div class=\"elementor-background-overlay\"><\/div>\n\t\t\t\t\t\t\t<div class=\"elementor-container elementor-column-gap-no\">\n\t\t\t\t\t<div class=\"elementor-column elementor-col-100 elementor-top-column elementor-element elementor-element-26b26e0\" data-id=\"26b26e0\" data-element_type=\"column\">\n\t\t\t<div class=\"elementor-widget-wrap elementor-element-populated\">\n\t\t\t\t\t\t\t\t<div class=\"elementor-element elementor-element-471e782 elementor-widget elementor-widget-heading\" data-id=\"471e782\" data-element_type=\"widget\" data-widget_type=\"heading.default\">\n\t\t\t\t<div class=\"elementor-widget-container\">\n\t\t\t<style>\/*! elementor - v3.6.4 - 13-04-2022 *\/\n.elementor-heading-title{padding:0;margin:0;line-height:1}.elementor-widget-heading .elementor-heading-title[class*=elementor-size-]>a{color:inherit;font-size:inherit;line-height:inherit}.elementor-widget-heading .elementor-heading-title.elementor-size-small{font-size:15px}.elementor-widget-heading .elementor-heading-title.elementor-size-medium{font-size:19px}.elementor-widget-heading .elementor-heading-title.elementor-size-large{font-size:29px}.elementor-widget-heading .elementor-heading-title.elementor-size-xl{font-size:39px}.elementor-widget-heading .elementor-heading-title.elementor-size-xxl{font-size:59px}<\/style><h2 class=\"elementor-heading-title elementor-size-default\">S\u00c9LECTION DE PIERRES<\/h2>\t\t<\/div>\n\t\t\t\t<\/div>\n\t\t\t\t<div class=\"elementor-element elementor-element-53c4ad2 elementor-widget elementor-widget-text-editor\" data-id=\"53c4ad2\" data-element_type=\"widget\" data-widget_type=\"text-editor.default\">\n\t\t\t\t<div class=\"elementor-widget-container\">\n\t\t\t<style>\/*! elementor - v3.6.4 - 13-04-2022 *\/\n.elementor-widget-text-editor.elementor-drop-cap-view-stacked .elementor-drop-cap{background-color:#818a91;color:#fff}.elementor-widget-text-editor.elementor-drop-cap-view-framed .elementor-drop-cap{color:#818a91;border:3px solid;background-color:transparent}.elementor-widget-text-editor:not(.elementor-drop-cap-view-default) .elementor-drop-cap{margin-top:8px}.elementor-widget-text-editor:not(.elementor-drop-cap-view-default) .elementor-drop-cap-letter{width:1em;height:1em}.elementor-widget-text-editor .elementor-drop-cap{float:left;text-align:center;line-height:1;font-size:50px}.elementor-widget-text-editor .elementor-drop-cap-letter{display:inline-block}<\/style>\t\t\t\tAssurez-vous d&rsquo;\u00e9crire la marque, le nom de la pierre et la couleur. Une fois que nous aurons re\u00e7u toutes vos informations, nous contacterons notre r\u00e9seau complet pour trouver vos restes de pierre (plus de 500 fabricants de pierre dans notre base de donn\u00e9es).\t\t\t\t\t\t<\/div>\n\t\t\t\t<\/div>\n\t\t\t\t<div class=\"elementor-element elementor-element-b7e494c elementor-widget elementor-widget-spacer\" data-id=\"b7e494c\" data-element_type=\"widget\" data-widget_type=\"spacer.default\">\n\t\t\t\t<div class=\"elementor-widget-container\">\n\t\t\t<style>\/*! elementor - v3.6.4 - 13-04-2022 *\/\n.e-container.e-container--row .elementor-spacer-inner{width:var(--spacer-size)}.e-container.e-container--column .elementor-spacer-inner,.elementor-column .elementor-spacer-inner{height:var(--spacer-size)}<\/style>\t\t<div class=\"elementor-spacer\">\n\t\t\t<div class=\"elementor-spacer-inner\"><\/div>\n\t\t<\/div>\n\t\t\t\t<\/div>\n\t\t\t\t<\/div>\n\t\t\t\t<section class=\"elementor-section elementor-inner-section elementor-element elementor-element-e3faeb4 elementor-section-boxed elementor-section-height-default elementor-section-height-default\" data-id=\"e3faeb4\" data-element_type=\"section\">\n\t\t\t\t\t\t<div class=\"elementor-container elementor-column-gap-default\">\n\t\t\t\t\t<div class=\"elementor-column elementor-col-25 elementor-inner-column elementor-element elementor-element-5df4b8d\" data-id=\"5df4b8d\" data-element_type=\"column\">\n\t\t\t<div class=\"elementor-widget-wrap elementor-element-populated\">\n\t\t\t\t\t\t\t\t<div class=\"elementor-element elementor-element-82187aa elementor-widget elementor-widget-image\" data-id=\"82187aa\" data-element_type=\"widget\" data-widget_type=\"image.default\">\n\t\t\t\t<div class=\"elementor-widget-container\">\n\t\t\t<style>\/*! elementor - v3.6.4 - 13-04-2022 *\/\n.elementor-widget-image{text-align:center}.elementor-widget-image a{display:inline-block}.elementor-widget-image a img[src$=\".svg\"]{width:48px}.elementor-widget-image img{vertical-align:middle;display:inline-block}<\/style>\t\t\t\t\t\t\t\t\t\t\t\t\t<a href=\"https:\/\/findmystoneremnants.ca\/fr\/categorie-produit\/caesarstone-fr\/\">\n\t\t\t\t\t\t\t<img loading=\"lazy\" decoding=\"async\" width=\"384\" height=\"200\" src=\"https:\/\/findmystoneremnants.ca\/wp-content\/uploads\/2023\/07\/box-5.jpg\" class=\"attachment-full size-full\" alt=\"\" srcset=\"https:\/\/findmystoneremnants.ca\/wp-content\/uploads\/2023\/07\/box-5.jpg 384w, https:\/\/findmystoneremnants.ca\/wp-content\/uploads\/2023\/07\/box-5-300x156.jpg 300w\" sizes=\"auto, (max-width: 384px) 100vw, 384px\" \/>\t\t\t\t\t\t\t\t<\/a>\n\t\t\t\t\t\t\t\t\t\t\t\t\t\t\t<\/div>\n\t\t\t\t<\/div>\n\t\t\t\t\t<\/div>\n\t\t<\/div>\n\t\t\t\t<div class=\"elementor-column elementor-col-25 elementor-inner-column elementor-element elementor-element-496185e\" data-id=\"496185e\" data-element_type=\"column\">\n\t\t\t<div class=\"elementor-widget-wrap elementor-element-populated\">\n\t\t\t\t\t\t\t\t<div class=\"elementor-element elementor-element-dfb78b4 elementor-widget elementor-widget-image\" data-id=\"dfb78b4\" data-element_type=\"widget\" data-widget_type=\"image.default\">\n\t\t\t\t<div class=\"elementor-widget-container\">\n\t\t\t\t\t\t\t\t\t\t\t\t\t\t\t\t<a href=\"https:\/\/findmystoneremnants.ca\/fr\/categorie-produit\/compac-fr\/\">\n\t\t\t\t\t\t\t<img loading=\"lazy\" decoding=\"async\" width=\"384\" height=\"200\" src=\"https:\/\/findmystoneremnants.ca\/wp-content\/uploads\/2023\/07\/box-2.jpg\" class=\"attachment-full size-full\" alt=\"\" srcset=\"https:\/\/findmystoneremnants.ca\/wp-content\/uploads\/2023\/07\/box-2.jpg 384w, https:\/\/findmystoneremnants.ca\/wp-content\/uploads\/2023\/07\/box-2-300x156.jpg 300w\" sizes=\"auto, (max-width: 384px) 100vw, 384px\" \/>\t\t\t\t\t\t\t\t<\/a>\n\t\t\t\t\t\t\t\t\t\t\t\t\t\t\t<\/div>\n\t\t\t\t<\/div>\n\t\t\t\t\t<\/div>\n\t\t<\/div>\n\t\t\t\t<div class=\"elementor-column elementor-col-25 elementor-inner-column elementor-element elementor-element-97c1a8d\" data-id=\"97c1a8d\" data-element_type=\"column\">\n\t\t\t<div class=\"elementor-widget-wrap elementor-element-populated\">\n\t\t\t\t\t\t\t\t<div class=\"elementor-element elementor-element-e334bfc elementor-widget elementor-widget-image\" data-id=\"e334bfc\" data-element_type=\"widget\" data-widget_type=\"image.default\">\n\t\t\t\t<div class=\"elementor-widget-container\">\n\t\t\t\t\t\t\t\t\t\t\t\t\t\t\t\t<a href=\"https:\/\/findmystoneremnants.ca\/fr\/categorie-produit\/viatera-fr\/\">\n\t\t\t\t\t\t\t<img loading=\"lazy\" decoding=\"async\" width=\"384\" height=\"200\" src=\"https:\/\/findmystoneremnants.ca\/wp-content\/uploads\/2023\/07\/box-7.jpg\" class=\"attachment-full size-full\" alt=\"\" srcset=\"https:\/\/findmystoneremnants.ca\/wp-content\/uploads\/2023\/07\/box-7.jpg 384w, https:\/\/findmystoneremnants.ca\/wp-content\/uploads\/2023\/07\/box-7-300x156.jpg 300w\" sizes=\"auto, (max-width: 384px) 100vw, 384px\" \/>\t\t\t\t\t\t\t\t<\/a>\n\t\t\t\t\t\t\t\t\t\t\t\t\t\t\t<\/div>\n\t\t\t\t<\/div>\n\t\t\t\t\t<\/div>\n\t\t<\/div>\n\t\t\t\t<div class=\"elementor-column elementor-col-25 elementor-inner-column elementor-element elementor-element-e67e062\" data-id=\"e67e062\" data-element_type=\"column\">\n\t\t\t<div class=\"elementor-widget-wrap elementor-element-populated\">\n\t\t\t\t\t\t\t\t<div class=\"elementor-element elementor-element-c1bd6d6 elementor-widget elementor-widget-image\" data-id=\"c1bd6d6\" data-element_type=\"widget\" data-widget_type=\"image.default\">\n\t\t\t\t<div class=\"elementor-widget-container\">\n\t\t\t\t\t\t\t\t\t\t\t\t\t\t\t\t<a href=\"https:\/\/findmystoneremnants.ca\/fr\/categorie-produit\/silestone-fr\/\">\n\t\t\t\t\t\t\t<img loading=\"lazy\" decoding=\"async\" width=\"383\" height=\"200\" src=\"https:\/\/findmystoneremnants.ca\/wp-content\/uploads\/2023\/07\/box-4.jpg\" class=\"attachment-full size-full\" alt=\"\" srcset=\"https:\/\/findmystoneremnants.ca\/wp-content\/uploads\/2023\/07\/box-4.jpg 383w, https:\/\/findmystoneremnants.ca\/wp-content\/uploads\/2023\/07\/box-4-300x157.jpg 300w\" sizes=\"auto, (max-width: 383px) 100vw, 383px\" \/>\t\t\t\t\t\t\t\t<\/a>\n\t\t\t\t\t\t\t\t\t\t\t\t\t\t\t<\/div>\n\t\t\t\t<\/div>\n\t\t\t\t\t<\/div>\n\t\t<\/div>\n\t\t\t\t\t\t\t<\/div>\n\t\t<\/section>\n\t\t\t\t<section class=\"elementor-section elementor-inner-section elementor-element elementor-element-b131fdd elementor-section-boxed elementor-section-height-default elementor-section-height-default\" data-id=\"b131fdd\" data-element_type=\"section\">\n\t\t\t\t\t\t<div class=\"elementor-container elementor-column-gap-default\">\n\t\t\t\t\t<div class=\"elementor-column elementor-col-25 elementor-inner-column elementor-element elementor-element-934dc54\" data-id=\"934dc54\" data-element_type=\"column\">\n\t\t\t<div class=\"elementor-widget-wrap elementor-element-populated\">\n\t\t\t\t\t\t\t\t<div class=\"elementor-element elementor-element-70d4288 elementor-widget elementor-widget-image\" data-id=\"70d4288\" data-element_type=\"widget\" data-widget_type=\"image.default\">\n\t\t\t\t<div class=\"elementor-widget-container\">\n\t\t\t\t\t\t\t\t\t\t\t\t\t\t\t\t<a href=\"https:\/\/findmystoneremnants.ca\/fr\/categorie-produit\/tce-stone-fr\/\">\n\t\t\t\t\t\t\t<img loading=\"lazy\" decoding=\"async\" width=\"383\" height=\"200\" src=\"https:\/\/findmystoneremnants.ca\/wp-content\/uploads\/2023\/07\/box-8.jpg\" class=\"attachment-full size-full\" alt=\"\" srcset=\"https:\/\/findmystoneremnants.ca\/wp-content\/uploads\/2023\/07\/box-8.jpg 383w, https:\/\/findmystoneremnants.ca\/wp-content\/uploads\/2023\/07\/box-8-300x157.jpg 300w\" sizes=\"auto, (max-width: 383px) 100vw, 383px\" \/>\t\t\t\t\t\t\t\t<\/a>\n\t\t\t\t\t\t\t\t\t\t\t\t\t\t\t<\/div>\n\t\t\t\t<\/div>\n\t\t\t\t\t<\/div>\n\t\t<\/div>\n\t\t\t\t<div class=\"elementor-column elementor-col-25 elementor-inner-column elementor-element elementor-element-a16a412\" data-id=\"a16a412\" data-element_type=\"column\">\n\t\t\t<div class=\"elementor-widget-wrap elementor-element-populated\">\n\t\t\t\t\t\t\t\t<div class=\"elementor-element elementor-element-15e6dbc elementor-widget elementor-widget-image\" data-id=\"15e6dbc\" data-element_type=\"widget\" data-widget_type=\"image.default\">\n\t\t\t\t<div class=\"elementor-widget-container\">\n\t\t\t\t\t\t\t\t\t\t\t\t\t\t\t\t<a href=\"https:\/\/findmystoneremnants.ca\/fr\/categorie-produit\/cambria-fr\/\">\n\t\t\t\t\t\t\t<img loading=\"lazy\" decoding=\"async\" width=\"383\" height=\"200\" src=\"https:\/\/findmystoneremnants.ca\/wp-content\/uploads\/2023\/07\/box-9.jpg\" class=\"attachment-full size-full\" alt=\"\" srcset=\"https:\/\/findmystoneremnants.ca\/wp-content\/uploads\/2023\/07\/box-9.jpg 383w, https:\/\/findmystoneremnants.ca\/wp-content\/uploads\/2023\/07\/box-9-300x157.jpg 300w\" sizes=\"auto, (max-width: 383px) 100vw, 383px\" \/>\t\t\t\t\t\t\t\t<\/a>\n\t\t\t\t\t\t\t\t\t\t\t\t\t\t\t<\/div>\n\t\t\t\t<\/div>\n\t\t\t\t\t<\/div>\n\t\t<\/div>\n\t\t\t\t<div class=\"elementor-column elementor-col-25 elementor-inner-column elementor-element elementor-element-10a13d2\" data-id=\"10a13d2\" data-element_type=\"column\">\n\t\t\t<div class=\"elementor-widget-wrap elementor-element-populated\">\n\t\t\t\t\t\t\t\t<div class=\"elementor-element elementor-element-bd6dcae elementor-widget elementor-widget-image\" data-id=\"bd6dcae\" data-element_type=\"widget\" data-widget_type=\"image.default\">\n\t\t\t\t<div class=\"elementor-widget-container\">\n\t\t\t\t\t\t\t\t\t\t\t\t\t\t\t\t<a href=\"https:\/\/findmystoneremnants.ca\/fr\/categorie-produit\/santamargherita-fr\/\">\n\t\t\t\t\t\t\t<img loading=\"lazy\" decoding=\"async\" width=\"384\" height=\"200\" src=\"https:\/\/findmystoneremnants.ca\/wp-content\/uploads\/2023\/07\/box-15.jpg\" class=\"attachment-full size-full\" alt=\"\" srcset=\"https:\/\/findmystoneremnants.ca\/wp-content\/uploads\/2023\/07\/box-15.jpg 384w, https:\/\/findmystoneremnants.ca\/wp-content\/uploads\/2023\/07\/box-15-300x156.jpg 300w\" sizes=\"auto, (max-width: 384px) 100vw, 384px\" \/>\t\t\t\t\t\t\t\t<\/a>\n\t\t\t\t\t\t\t\t\t\t\t\t\t\t\t<\/div>\n\t\t\t\t<\/div>\n\t\t\t\t\t<\/div>\n\t\t<\/div>\n\t\t\t\t<div class=\"elementor-column elementor-col-25 elementor-inner-column elementor-element elementor-element-5b1df5d\" data-id=\"5b1df5d\" data-element_type=\"column\">\n\t\t\t<div class=\"elementor-widget-wrap elementor-element-populated\">\n\t\t\t\t\t\t\t\t<div class=\"elementor-element elementor-element-288f4ea elementor-widget elementor-widget-image\" data-id=\"288f4ea\" data-element_type=\"widget\" data-widget_type=\"image.default\">\n\t\t\t\t<div class=\"elementor-widget-container\">\n\t\t\t\t\t\t\t\t\t\t\t\t\t\t\t\t<a href=\"https:\/\/findmystoneremnants.ca\/fr\/categorie-produit\/technistone-fr\/\">\n\t\t\t\t\t\t\t<img loading=\"lazy\" decoding=\"async\" width=\"383\" height=\"200\" src=\"https:\/\/findmystoneremnants.ca\/wp-content\/uploads\/2023\/07\/box-12.jpg\" class=\"attachment-full size-full\" alt=\"\" srcset=\"https:\/\/findmystoneremnants.ca\/wp-content\/uploads\/2023\/07\/box-12.jpg 383w, https:\/\/findmystoneremnants.ca\/wp-content\/uploads\/2023\/07\/box-12-300x157.jpg 300w\" sizes=\"auto, (max-width: 383px) 100vw, 383px\" \/>\t\t\t\t\t\t\t\t<\/a>\n\t\t\t\t\t\t\t\t\t\t\t\t\t\t\t<\/div>\n\t\t\t\t<\/div>\n\t\t\t\t\t<\/div>\n\t\t<\/div>\n\t\t\t\t\t\t\t<\/div>\n\t\t<\/section>\n\t\t\t\t<section class=\"elementor-section elementor-inner-section elementor-element elementor-element-5b185da elementor-section-boxed elementor-section-height-default elementor-section-height-default\" data-id=\"5b185da\" data-element_type=\"section\">\n\t\t\t\t\t\t<div class=\"elementor-container elementor-column-gap-default\">\n\t\t\t\t\t<div class=\"elementor-column elementor-col-25 elementor-inner-column elementor-element elementor-element-43dd72c\" data-id=\"43dd72c\" data-element_type=\"column\">\n\t\t\t<div class=\"elementor-widget-wrap elementor-element-populated\">\n\t\t\t\t\t\t\t\t<div class=\"elementor-element elementor-element-1d110a8 elementor-widget elementor-widget-image\" data-id=\"1d110a8\" data-element_type=\"widget\" data-widget_type=\"image.default\">\n\t\t\t\t<div class=\"elementor-widget-container\">\n\t\t\t\t\t\t\t\t\t\t\t\t\t\t\t\t<a href=\"https:\/\/findmystoneremnants.ca\/fr\/categorie-produit\/radianz-quartz-fr\/\">\n\t\t\t\t\t\t\t<img loading=\"lazy\" decoding=\"async\" width=\"384\" height=\"200\" src=\"https:\/\/findmystoneremnants.ca\/wp-content\/uploads\/2023\/07\/box-11.jpg\" class=\"attachment-full size-full\" alt=\"\" srcset=\"https:\/\/findmystoneremnants.ca\/wp-content\/uploads\/2023\/07\/box-11.jpg 384w, https:\/\/findmystoneremnants.ca\/wp-content\/uploads\/2023\/07\/box-11-300x156.jpg 300w\" sizes=\"auto, (max-width: 384px) 100vw, 384px\" \/>\t\t\t\t\t\t\t\t<\/a>\n\t\t\t\t\t\t\t\t\t\t\t\t\t\t\t<\/div>\n\t\t\t\t<\/div>\n\t\t\t\t\t<\/div>\n\t\t<\/div>\n\t\t\t\t<div class=\"elementor-column elementor-col-25 elementor-inner-column elementor-element elementor-element-dd14b12\" data-id=\"dd14b12\" data-element_type=\"column\">\n\t\t\t<div class=\"elementor-widget-wrap elementor-element-populated\">\n\t\t\t\t\t\t\t\t<div class=\"elementor-element elementor-element-ec40934 elementor-widget elementor-widget-image\" data-id=\"ec40934\" data-element_type=\"widget\" data-widget_type=\"image.default\">\n\t\t\t\t<div class=\"elementor-widget-container\">\n\t\t\t\t\t\t\t\t\t\t\t\t\t\t\t\t<a href=\"https:\/\/findmystoneremnants.ca\/fr\/categorie-produit\/okite-fr\/\">\n\t\t\t\t\t\t\t<img loading=\"lazy\" decoding=\"async\" width=\"383\" height=\"200\" src=\"https:\/\/findmystoneremnants.ca\/wp-content\/uploads\/2023\/07\/box-18.jpg\" class=\"attachment-full size-full\" alt=\"\" srcset=\"https:\/\/findmystoneremnants.ca\/wp-content\/uploads\/2023\/07\/box-18.jpg 383w, https:\/\/findmystoneremnants.ca\/wp-content\/uploads\/2023\/07\/box-18-300x157.jpg 300w\" sizes=\"auto, (max-width: 383px) 100vw, 383px\" \/>\t\t\t\t\t\t\t\t<\/a>\n\t\t\t\t\t\t\t\t\t\t\t\t\t\t\t<\/div>\n\t\t\t\t<\/div>\n\t\t\t\t\t<\/div>\n\t\t<\/div>\n\t\t\t\t<div class=\"elementor-column elementor-col-25 elementor-inner-column elementor-element elementor-element-cd266c6\" data-id=\"cd266c6\" data-element_type=\"column\">\n\t\t\t<div class=\"elementor-widget-wrap elementor-element-populated\">\n\t\t\t\t\t\t\t\t<div class=\"elementor-element elementor-element-1933566 elementor-widget elementor-widget-image\" data-id=\"1933566\" data-element_type=\"widget\" data-widget_type=\"image.default\">\n\t\t\t\t<div class=\"elementor-widget-container\">\n\t\t\t\t\t\t\t\t\t\t\t\t\t\t\t\t<a href=\"https:\/\/findmystoneremnants.ca\/fr\/categorie-produit\/vicostone-fr\/\">\n\t\t\t\t\t\t\t<img loading=\"lazy\" decoding=\"async\" width=\"383\" height=\"200\" src=\"https:\/\/findmystoneremnants.ca\/wp-content\/uploads\/2023\/07\/box-17.jpg\" class=\"attachment-full size-full\" alt=\"\" srcset=\"https:\/\/findmystoneremnants.ca\/wp-content\/uploads\/2023\/07\/box-17.jpg 383w, https:\/\/findmystoneremnants.ca\/wp-content\/uploads\/2023\/07\/box-17-300x157.jpg 300w\" sizes=\"auto, (max-width: 383px) 100vw, 383px\" \/>\t\t\t\t\t\t\t\t<\/a>\n\t\t\t\t\t\t\t\t\t\t\t\t\t\t\t<\/div>\n\t\t\t\t<\/div>\n\t\t\t\t\t<\/div>\n\t\t<\/div>\n\t\t\t\t<div class=\"elementor-column elementor-col-25 elementor-inner-column elementor-element elementor-element-171e97d\" data-id=\"171e97d\" data-element_type=\"column\">\n\t\t\t<div class=\"elementor-widget-wrap elementor-element-populated\">\n\t\t\t\t\t\t\t\t<div class=\"elementor-element elementor-element-a4f3332 elementor-widget elementor-widget-image\" data-id=\"a4f3332\" data-element_type=\"widget\" data-widget_type=\"image.default\">\n\t\t\t\t<div class=\"elementor-widget-container\">\n\t\t\t\t\t\t\t\t\t\t\t\t\t\t\t\t<a href=\"https:\/\/findmystoneremnants.ca\/fr\/categorie-produit\/premium-natural-quartz-fr\/\">\n\t\t\t\t\t\t\t<img loading=\"lazy\" decoding=\"async\" width=\"384\" height=\"200\" src=\"https:\/\/findmystoneremnants.ca\/wp-content\/uploads\/2023\/07\/box-14.jpg\" class=\"attachment-full size-full\" alt=\"\" srcset=\"https:\/\/findmystoneremnants.ca\/wp-content\/uploads\/2023\/07\/box-14.jpg 384w, https:\/\/findmystoneremnants.ca\/wp-content\/uploads\/2023\/07\/box-14-300x156.jpg 300w\" sizes=\"auto, (max-width: 384px) 100vw, 384px\" \/>\t\t\t\t\t\t\t\t<\/a>\n\t\t\t\t\t\t\t\t\t\t\t\t\t\t\t<\/div>\n\t\t\t\t<\/div>\n\t\t\t\t\t<\/div>\n\t\t<\/div>\n\t\t\t\t\t\t\t<\/div>\n\t\t<\/section>\n\t\t\t\t<section class=\"elementor-section elementor-inner-section elementor-element elementor-element-f7a40a5 elementor-section-boxed elementor-section-height-default elementor-section-height-default\" data-id=\"f7a40a5\" data-element_type=\"section\">\n\t\t\t\t\t\t<div class=\"elementor-container elementor-column-gap-default\">\n\t\t\t\t\t<div class=\"elementor-column elementor-col-25 elementor-inner-column elementor-element elementor-element-47e9132\" data-id=\"47e9132\" data-element_type=\"column\">\n\t\t\t<div class=\"elementor-widget-wrap elementor-element-populated\">\n\t\t\t\t\t\t\t\t<div class=\"elementor-element elementor-element-72eb2c7 elementor-widget elementor-widget-image\" data-id=\"72eb2c7\" data-element_type=\"widget\" data-widget_type=\"image.default\">\n\t\t\t\t<div class=\"elementor-widget-container\">\n\t\t\t\t\t\t\t\t\t\t\t\t\t\t\t\t<a href=\"https:\/\/findmystoneremnants.ca\/fr\/categorie-produit\/hanstone-fr\/\">\n\t\t\t\t\t\t\t<img loading=\"lazy\" decoding=\"async\" width=\"384\" height=\"200\" src=\"https:\/\/findmystoneremnants.ca\/wp-content\/uploads\/2023\/07\/box-10.jpg\" class=\"attachment-full size-full\" alt=\"\" srcset=\"https:\/\/findmystoneremnants.ca\/wp-content\/uploads\/2023\/07\/box-10.jpg 384w, https:\/\/findmystoneremnants.ca\/wp-content\/uploads\/2023\/07\/box-10-300x156.jpg 300w\" sizes=\"auto, (max-width: 384px) 100vw, 384px\" \/>\t\t\t\t\t\t\t\t<\/a>\n\t\t\t\t\t\t\t\t\t\t\t\t\t\t\t<\/div>\n\t\t\t\t<\/div>\n\t\t\t\t\t<\/div>\n\t\t<\/div>\n\t\t\t\t<div class=\"elementor-column elementor-col-25 elementor-inner-column elementor-element elementor-element-4bc434e\" data-id=\"4bc434e\" data-element_type=\"column\">\n\t\t\t<div class=\"elementor-widget-wrap elementor-element-populated\">\n\t\t\t\t\t\t\t\t<div class=\"elementor-element elementor-element-72587a7 elementor-widget elementor-widget-image\" data-id=\"72587a7\" data-element_type=\"widget\" data-widget_type=\"image.default\">\n\t\t\t\t<div class=\"elementor-widget-container\">\n\t\t\t\t\t\t\t\t\t\t\t\t\t\t\t\t<a href=\"https:\/\/findmystoneremnants.ca\/fr\/categorie-produit\/kasa-quartz-fr\/\">\n\t\t\t\t\t\t\t<img loading=\"lazy\" decoding=\"async\" width=\"383\" height=\"200\" src=\"https:\/\/findmystoneremnants.ca\/wp-content\/uploads\/2023\/07\/box-19.jpg\" class=\"attachment-full size-full\" alt=\"\" srcset=\"https:\/\/findmystoneremnants.ca\/wp-content\/uploads\/2023\/07\/box-19.jpg 383w, https:\/\/findmystoneremnants.ca\/wp-content\/uploads\/2023\/07\/box-19-300x157.jpg 300w\" sizes=\"auto, (max-width: 383px) 100vw, 383px\" \/>\t\t\t\t\t\t\t\t<\/a>\n\t\t\t\t\t\t\t\t\t\t\t\t\t\t\t<\/div>\n\t\t\t\t<\/div>\n\t\t\t\t\t<\/div>\n\t\t<\/div>\n\t\t\t\t<div class=\"elementor-column elementor-col-25 elementor-inner-column elementor-element elementor-element-1233b49\" data-id=\"1233b49\" data-element_type=\"column\">\n\t\t\t<div class=\"elementor-widget-wrap elementor-element-populated\">\n\t\t\t\t\t\t\t\t<div class=\"elementor-element elementor-element-d37b028 elementor-widget elementor-widget-image\" data-id=\"d37b028\" data-element_type=\"widget\" data-widget_type=\"image.default\">\n\t\t\t\t<div class=\"elementor-widget-container\">\n\t\t\t\t\t\t\t\t\t\t\t\t\t\t\t\t<a href=\"https:\/\/findmystoneremnants.ca\/fr\/categorie-produit\/zenith-quartz-fr\/\">\n\t\t\t\t\t\t\t<img loading=\"lazy\" decoding=\"async\" width=\"383\" height=\"200\" src=\"https:\/\/findmystoneremnants.ca\/wp-content\/uploads\/2023\/07\/box-20.jpg\" class=\"attachment-full size-full\" alt=\"\" srcset=\"https:\/\/findmystoneremnants.ca\/wp-content\/uploads\/2023\/07\/box-20.jpg 383w, https:\/\/findmystoneremnants.ca\/wp-content\/uploads\/2023\/07\/box-20-300x157.jpg 300w\" sizes=\"auto, (max-width: 383px) 100vw, 383px\" \/>\t\t\t\t\t\t\t\t<\/a>\n\t\t\t\t\t\t\t\t\t\t\t\t\t\t\t<\/div>\n\t\t\t\t<\/div>\n\t\t\t\t\t<\/div>\n\t\t<\/div>\n\t\t\t\t<div class=\"elementor-column elementor-col-25 elementor-inner-column elementor-element elementor-element-d4a7efa\" data-id=\"d4a7efa\" data-element_type=\"column\">\n\t\t\t<div class=\"elementor-widget-wrap elementor-element-populated\">\n\t\t\t\t\t\t\t\t<div class=\"elementor-element elementor-element-d586485 elementor-widget elementor-widget-image\" data-id=\"d586485\" data-element_type=\"widget\" data-widget_type=\"image.default\">\n\t\t\t\t<div class=\"elementor-widget-container\">\n\t\t\t\t\t\t\t\t\t\t\t\t\t\t\t\t<a href=\"https:\/\/findmystoneremnants.ca\/fr\/categorie-produit\/corian-fr\/\">\n\t\t\t\t\t\t\t<img loading=\"lazy\" decoding=\"async\" width=\"383\" height=\"200\" src=\"https:\/\/findmystoneremnants.ca\/wp-content\/uploads\/2023\/07\/box-21.jpg\" class=\"attachment-full size-full\" alt=\"\" srcset=\"https:\/\/findmystoneremnants.ca\/wp-content\/uploads\/2023\/07\/box-21.jpg 383w, https:\/\/findmystoneremnants.ca\/wp-content\/uploads\/2023\/07\/box-21-300x157.jpg 300w\" sizes=\"auto, (max-width: 383px) 100vw, 383px\" \/>\t\t\t\t\t\t\t\t<\/a>\n\t\t\t\t\t\t\t\t\t\t\t\t\t\t\t<\/div>\n\t\t\t\t<\/div>\n\t\t\t\t\t<\/div>\n\t\t<\/div>\n\t\t\t\t\t\t\t<\/div>\n\t\t<\/section>\n\t\t\t\t\t<\/div>\n\t\t<\/div>\n\t\t\t\t\t\t\t<\/div>\n\t\t<\/section>\n\t\t\t\t\t\t\t<\/div>\n\t\t","protected":false},"excerpt":{"rendered":"<p>S\u00c9LECTION DE PIERRES Assurez-vous d&rsquo;\u00e9crire la marque, le nom de la pierre et la couleur. Une fois que nous aurons re\u00e7u toutes vos informations, nous contacterons notre r\u00e9seau complet pour trouver vos restes de pierre (plus de 500 fabricants de pierre dans notre base de donn\u00e9es).<\/p>\n","protected":false},"author":1,"featured_media":0,"parent":0,"menu_order":0,"comment_status":"closed","ping_status":"closed","template":"template-page.php","meta":{"_vp_format_video_url":"","_vp_image_focal_point":[],"footnotes":""},"class_list":["post-6396","page","type-page","status-publish","hentry"],"acf":[],"_links":{"self":[{"href":"https:\/\/findmystoneremnants.ca\/fr\/wp-json\/wp\/v2\/pages\/6396","targetHints":{"allow":["GET"]}}],"collection":[{"href":"https:\/\/findmystoneremnants.ca\/fr\/wp-json\/wp\/v2\/pages"}],"about":[{"href":"https:\/\/findmystoneremnants.ca\/fr\/wp-json\/wp\/v2\/types\/page"}],"author":[{"embeddable":true,"href":"https:\/\/findmystoneremnants.ca\/fr\/wp-json\/wp\/v2\/users\/1"}],"replies":[{"embeddable":true,"href":"https:\/\/findmystoneremnants.ca\/fr\/wp-json\/wp\/v2\/comments?post=6396"}],"version-history":[{"count":0,"href":"https:\/\/findmystoneremnants.ca\/fr\/wp-json\/wp\/v2\/pages\/6396\/revisions"}],"wp:attachment":[{"href":"https:\/\/findmystoneremnants.ca\/fr\/wp-json\/wp\/v2\/media?parent=6396"}],"curies":[{"name":"wp","href":"https:\/\/api.w.org\/{rel}","templated":true}]}}