{"id":6450,"date":"2023-07-14T11:02:10","date_gmt":"2023-07-14T11:02:10","guid":{"rendered":"http:\/\/findmystoneremnants.ca\/?page_id=6450"},"modified":"2023-08-04T13:21:03","modified_gmt":"2023-08-04T13:21:03","slug":"politique-de-confidentialite","status":"publish","type":"page","link":"https:\/\/findmystoneremnants.ca\/fr\/politique-de-confidentialite\/","title":{"rendered":"Politique De Confidentialit\u00e9"},"content":{"rendered":"\t\t<div data-elementor-type=\"wp-page\" data-elementor-id=\"6450\" class=\"elementor elementor-6450 elementor-1695\">\n\t\t\t\t\t\t\t\t\t<section class=\"elementor-section elementor-top-section elementor-element elementor-element-2197880 elementor-section-stretched elementor-section-boxed elementor-section-height-default elementor-section-height-default\" data-id=\"2197880\" data-element_type=\"section\" data-settings=\"{&quot;stretch_section&quot;:&quot;section-stretched&quot;,&quot;background_background&quot;:&quot;classic&quot;}\">\n\t\t\t\t\t\t\t<div class=\"elementor-background-overlay\"><\/div>\n\t\t\t\t\t\t\t<div class=\"elementor-container elementor-column-gap-no\">\n\t\t\t\t\t<div class=\"elementor-column elementor-col-100 elementor-top-column elementor-element elementor-element-26b26e0\" data-id=\"26b26e0\" data-element_type=\"column\">\n\t\t\t<div class=\"elementor-widget-wrap elementor-element-populated\">\n\t\t\t\t\t\t\t\t<div class=\"elementor-element elementor-element-471e782 elementor-widget elementor-widget-heading\" data-id=\"471e782\" data-element_type=\"widget\" data-widget_type=\"heading.default\">\n\t\t\t\t<div class=\"elementor-widget-container\">\n\t\t\t<style>\/*! elementor - v3.6.4 - 13-04-2022 *\/\n.elementor-heading-title{padding:0;margin:0;line-height:1}.elementor-widget-heading .elementor-heading-title[class*=elementor-size-]>a{color:inherit;font-size:inherit;line-height:inherit}.elementor-widget-heading .elementor-heading-title.elementor-size-small{font-size:15px}.elementor-widget-heading .elementor-heading-title.elementor-size-medium{font-size:19px}.elementor-widget-heading .elementor-heading-title.elementor-size-large{font-size:29px}.elementor-widget-heading .elementor-heading-title.elementor-size-xl{font-size:39px}.elementor-widget-heading .elementor-heading-title.elementor-size-xxl{font-size:59px}<\/style><h2 class=\"elementor-heading-title elementor-size-default\">Politique De Confidentialit\u00e9<\/h2>\t\t<\/div>\n\t\t\t\t<\/div>\n\t\t\t\t<div class=\"elementor-element elementor-element-b7e494c elementor-widget elementor-widget-spacer\" data-id=\"b7e494c\" data-element_type=\"widget\" data-widget_type=\"spacer.default\">\n\t\t\t\t<div class=\"elementor-widget-container\">\n\t\t\t<style>\/*! elementor - v3.6.4 - 13-04-2022 *\/\n.e-container.e-container--row .elementor-spacer-inner{width:var(--spacer-size)}.e-container.e-container--column .elementor-spacer-inner,.elementor-column .elementor-spacer-inner{height:var(--spacer-size)}<\/style>\t\t<div class=\"elementor-spacer\">\n\t\t\t<div class=\"elementor-spacer-inner\"><\/div>\n\t\t<\/div>\n\t\t\t\t<\/div>\n\t\t\t\t<\/div>\n\t\t\t\t<section class=\"elementor-section elementor-inner-section elementor-element elementor-element-dbb904c elementor-section-boxed elementor-section-height-default elementor-section-height-default\" data-id=\"dbb904c\" data-element_type=\"section\">\n\t\t\t\t\t\t<div class=\"elementor-container elementor-column-gap-default\">\n\t\t\t\t\t<div class=\"elementor-column elementor-col-100 elementor-inner-column elementor-element elementor-element-024af6a\" data-id=\"024af6a\" data-element_type=\"column\" data-settings=\"{&quot;background_background&quot;:&quot;classic&quot;}\">\n\t\t\t<div class=\"elementor-widget-wrap elementor-element-populated\">\n\t\t\t\t\t\t\t\t<div class=\"elementor-element elementor-element-6e5bc8f elementor-widget elementor-widget-text-editor\" data-id=\"6e5bc8f\" data-element_type=\"widget\" data-widget_type=\"text-editor.default\">\n\t\t\t\t<div class=\"elementor-widget-container\">\n\t\t\t<style>\/*! elementor - v3.6.4 - 13-04-2022 *\/\n.elementor-widget-text-editor.elementor-drop-cap-view-stacked .elementor-drop-cap{background-color:#818a91;color:#fff}.elementor-widget-text-editor.elementor-drop-cap-view-framed .elementor-drop-cap{color:#818a91;border:3px solid;background-color:transparent}.elementor-widget-text-editor:not(.elementor-drop-cap-view-default) .elementor-drop-cap{margin-top:8px}.elementor-widget-text-editor:not(.elementor-drop-cap-view-default) .elementor-drop-cap-letter{width:1em;height:1em}.elementor-widget-text-editor .elementor-drop-cap{float:left;text-align:center;line-height:1;font-size:50px}.elementor-widget-text-editor .elementor-drop-cap-letter{display:inline-block}<\/style>\t\t\t\t<p><strong>1 \u2013 Que faisons-nous de vos informations ?<\/strong><br \/>Faisant partie du processus d&rsquo;achat et de vente, nous collectons les informations personnelles que vous nous fournissez, telles que votre nom, votre adresse et votre adresse e-mail. Lorsque vous naviguez sur notre boutique en ligne, nous recevons \u00e9galement automatiquement l&rsquo;adresse de protocole Internet (IP) de votre ordinateur afin de nous fournir des informations qui nous aident \u00e0 en savoir plus sur votre navigateur et votre syst\u00e8me d&rsquo;exploitation. Marketing par e-mail (le cas \u00e9ch\u00e9ant) : Avec votre permission, nous pouvons vous envoyer des e-mails concernant notre boutique, de nouveaux<br \/>produits et autres mises \u00e0 jour.<\/p><p><strong>2 \u2013 Votre consentement<\/strong><br \/>Comment obtenez-vous votre consentement ?<br \/>Lorsque vous nous fournissez des informations personnelles, effectuez une transaction, passez une commande et organisez une livraison, vous consentez \u00e0 ce que nous collections vos informations et les utilisions uniquement pour cette raison sp\u00e9cifique. Cela nous indiquera \u00e9galement que vous consentez \u00e0 ce que nous vous envoyions des mises \u00e0 jour, des promotions, des remises et une newsletter de temps \u00e0 autre. Vous pouvez vous d\u00e9sinscrire \u00e0 tout moment, mais d\u00e8s que vous vous reconnectez, vos informations sont \u00e0 nouveau ajout\u00e9es \u00e0 notre base de donn\u00e9es.<\/p><p>Comment retirer mon consentement ?<\/p><p>Si apr\u00e8s votre inscription, vous changez d&rsquo;avis, vous pouvez retirer votre consentement pour que nous vous contactions, pour la collecte, l&rsquo;utilisation ou la divulgation continue de vos informations, \u00e0 tout moment, en nous contactant \u00e0 support@findmystoneremnants.com<\/p><p><strong>3 \u2013 DIVULGATION<\/strong><br \/>Nous pouvons divulguer vos informations personnelles si nous sommes tenus par la loi de le faire ou si vous violez nos conditions d&rsquo;utilisation.<\/p><p><strong>4 \u2013 findmystoneremnants.com<\/strong><br \/>Notre boutique est h\u00e9berg\u00e9e sur findmystoneremnants.com. \u00ab\u00a0Find my stone remnants\u00a0\u00bb fournit la plate-forme de commerce \u00e9lectronique en ligne qui vous permet de vendre et\/ou d&rsquo;acheter des produits et des services. Vos donn\u00e9es sont stock\u00e9es via le stockage de donn\u00e9es findmystoneremnants.com, les bases de donn\u00e9es et l&rsquo;application g\u00e9n\u00e9rale \u00ab\u00a0Find my stone remnants\u00a0\u00bb. Vos donn\u00e9es sont stock\u00e9es sur un serveur s\u00e9curis\u00e9 derri\u00e8re un pare-feu.<\/p><p>Paiement : \u00ab\u00a0Trouvez mes restes de pierre\u00a0\u00bb utilise PayPal pour la majorit\u00e9 des paiements. Dans ces achats, PayPal est responsable de la collecte d&rsquo;informations sensibles, telles que les informations de votre carte de cr\u00e9dit. Lors du paiement de votre achat et des frais via PayPal, veuillez vous r\u00e9f\u00e9rer \u00e0 la politique de confidentialit\u00e9 de PayPal.<\/p><p>Si vous choisissez une passerelle de paiement direct pour finaliser votre achat, les magasins \u00ab\u00a0Trouver mes restes de pierre\u00a0\u00bb ne peuvent pas vous aider ou vous fournir des informations suppl\u00e9mentaires lors de l&rsquo;achat de vos produits et services. Il est crypt\u00e9 via la norme de s\u00e9curit\u00e9 des donn\u00e9es de l&rsquo;industrie des cartes de paiement (PCI-DSS). Vos donn\u00e9es de transaction d&rsquo;achat ne sont stock\u00e9es que le temps n\u00e9cessaire pour terminer votre transaction d&rsquo;achat. Une fois cette op\u00e9ration termin\u00e9e, vos informations de transaction d&rsquo;achat sont supprim\u00e9es. Toutes les passerelles de paiement direct respectent les normes \u00e9tablies par PCI-DSS, g\u00e9r\u00e9es par le Conseil des normes de s\u00e9curit\u00e9 PCI, qui est un effort conjoint de marques telles que Visa, MasterCard, American Express et Discover.<br \/>Les exigences PCI-DSS aident \u00e0 garantir le traitement s\u00e9curis\u00e9 des informations de carte de cr\u00e9dit par notre boutique et ses prestataires de services. Pour plus d&rsquo;informations, vous pouvez \u00e9galement lire les conditions d&rsquo;utilisation \u00ab\u00a0Trouver mes restes de pierre\u00a0\u00bb ici ou la d\u00e9claration de confidentialit\u00e9 ici.<\/p><p><strong>5 \u2013 SERVICES TIERS<\/strong><br \/>Les fournisseurs tiers que nous utilisons ne collecteront, n&rsquo;utiliseront et ne divulgueront vos informations que dans la mesure n\u00e9cessaire pour leur permettre d&rsquo;ex\u00e9cuter les services qu&rsquo;ils nous fournissent. Certains fournisseurs de services tiers, tels que les passerelles de paiement et autres processeurs de transactions de paiement, ont leurs propres politiques de confidentialit\u00e9 en ce qui concerne les informations que nous sommes tenus de leur fournir pour vos transactions li\u00e9es \u00e0 l&rsquo;achat.<br \/>Pour ces fournisseurs, nous vous recommandons de lire leurs politiques de confidentialit\u00e9 afin de comprendre la mani\u00e8re dont vos informations personnelles seront trait\u00e9es par ces fournisseurs.<br \/>N&rsquo;oubliez pas que certains fournisseurs peuvent \u00eatre situ\u00e9s ou avoir des installations situ\u00e9es dans une juridiction diff\u00e9rente de la v\u00f4tre ou de la n\u00f4tre. Ainsi, si vous choisissez de proc\u00e9der \u00e0 une transaction impliquant les services d&rsquo;un fournisseur de services tiers, vos informations peuvent \u00eatre soumises aux lois de la ou des juridictions dans lesquelles ce fournisseur de services ou ses installations sont situ\u00e9s.<br \/>Par exemple, si vous \u00eates situ\u00e9 aux \u00c9tats-Unis et que votre transaction est trait\u00e9e par une passerelle de paiement situ\u00e9e au Canada, vos informations personnelles utilis\u00e9es pour effectuer cette transaction peuvent \u00eatre soumises \u00e0 divulgation en vertu de la l\u00e9gislation canadienne, y compris toute loi li\u00e9e \u00e0 la l\u00e9gislation du pays.<br \/>Une fois que vous quittez le site Web de notre magasin ou que vous \u00eates redirig\u00e9 vers un site Web ou une application tiers, vous n&rsquo;\u00eates plus r\u00e9gi par la pr\u00e9sente politique de confidentialit\u00e9 ou les conditions d&rsquo;utilisation de notre site Web.<br \/>Liens;<br \/>Lorsque vous cliquez sur des liens sur notre boutique, ils peuvent vous diriger hors de notre site. Nous ne sommes pas responsables des pratiques de confidentialit\u00e9 des autres sites et vous encourageons \u00e0 lire leurs d\u00e9clarations de confidentialit\u00e9.<\/p><p><strong>6 \u2013 S\u00c9CURIT\u00c9<\/strong><br \/>Pour prot\u00e9ger vos informations personnelles, nous prenons des pr\u00e9cautions raisonnables et suivons les meilleures pratiques de l&rsquo;industrie pour nous assurer qu&rsquo;elles ne sont pas perdues, mal utilis\u00e9es, consult\u00e9es, divulgu\u00e9es, modifi\u00e9es ou d\u00e9truites de mani\u00e8re inappropri\u00e9e.<br \/>Si vous nous fournissez vos informations de carte de cr\u00e9dit, les informations sont crypt\u00e9es \u00e0 l&rsquo;aide de la technologie Secure Socket Layer (SSL) et stock\u00e9es. Bien qu&rsquo;aucune m\u00e9thode de transmission sur Internet ou de stockage \u00e9lectronique ne soit s\u00e9curis\u00e9e \u00e0 100 %, nous suivons toutes les exigences PCI-DSS et mettons en \u0153uvre des normes industrielles g\u00e9n\u00e9ralement accept\u00e9es suppl\u00e9mentaires.<\/p><p><strong>7 \u2013 COOKIES<\/strong><br \/>Voici une liste des cookies que nous utilisons. Nous les avons r\u00e9pertori\u00e9s ici afin que vous puissiez choisir si vous souhaitez d\u00e9sactiver les cookies ou non.<\/p><p><strong>8 \u2013 AGE DE CONSENTEMENT<\/strong><br \/>En utilisant ce site, vous d\u00e9clarez que vous avez au moins l&rsquo;\u00e2ge du consentement (g\u00e9n\u00e9ralement 18 ans) dans votre \u00e9tat ou province de r\u00e9sidence, ou que vous avez l&rsquo;\u00e2ge du consentement dans votre \u00e9tat ou province de r\u00e9sidence et que vous nous avez donn\u00e9 votre consentement. pour permettre \u00e0 l&rsquo;une de vos personnes \u00e0 charge mineures d&rsquo;utiliser ce site.<\/p><p><strong>9 \u2013 MODIFICATIONS DE CETTE POLITIQUE DE CONFIDENTIALIT\u00c9<\/strong><br \/>Nous nous r\u00e9servons le droit de modifier cette politique de confidentialit\u00e9 \u00e0 tout moment sans pr\u00e9avis, veuillez la consulter fr\u00e9quemment. Les modifications et les clarifications entreront en vigueur d\u00e8s leur publication sur le site Web. Si nous apportons des modifications importantes \u00e0 cette politique, nous vous informerons ici qu&rsquo;elle a \u00e9t\u00e9 mise \u00e0 jour, afin que vous sachiez quelles informations nous collectons, comment nous les utilisons et dans quelles circonstances, le cas \u00e9ch\u00e9ant, nous utilisons et\/ou divulguons il.<\/p><p>Si notre magasin fait l&rsquo;objet d&rsquo;une acquisition ou d&rsquo;une fusion avec une autre entreprise, vos informations pourraient \u00eatre transf\u00e9r\u00e9es aux nouveaux propri\u00e9taires afin que nous puissions continuer \u00e0 vous vendre des produits.<\/p><p><strong>QUESTIONS ET COORDONN\u00c9ES<\/strong><br \/>Si vous souhaitez\u00a0: acc\u00e9der, corriger, modifier ou supprimer des informations personnelles que nous d\u00e9tenons \u00e0 votre sujet, enregistrer une plainte ou simplement obtenir plus d&rsquo;informations, contactez notre responsable de la conformit\u00e9 \u00e0 la confidentialit\u00e9 \u00e0 support@findmystoneremnants.com ou acc\u00e9dez simplement \u00e0 votre tableau de bord et mettez \u00e0 jour vos informations.<\/p>\t\t\t\t\t\t<\/div>\n\t\t\t\t<\/div>\n\t\t\t\t\t<\/div>\n\t\t<\/div>\n\t\t\t\t\t\t\t<\/div>\n\t\t<\/section>\n\t\t\t\t\t<\/div>\n\t\t<\/div>\n\t\t\t\t\t\t\t<\/div>\n\t\t<\/section>\n\t\t\t\t\t\t\t<\/div>\n\t\t","protected":false},"excerpt":{"rendered":"<p>Politique De Confidentialit\u00e9 1 \u2013 Que faisons-nous de vos informations ?Faisant partie du processus d&rsquo;achat et de vente, nous collectons les informations personnelles que vous nous fournissez, telles que votre nom, votre adresse et votre adresse e-mail. Lorsque vous naviguez sur notre boutique en ligne, nous recevons \u00e9galement automatiquement l&rsquo;adresse<\/p>\n<div class=\"post-button\">\n\t\t\t   <a href=\"https:\/\/findmystoneremnants.ca\/fr\/politique-de-confidentialite\/\">Read More<\/a>\n\t\t\t<\/div>\n","protected":false},"author":1,"featured_media":0,"parent":0,"menu_order":0,"comment_status":"closed","ping_status":"closed","template":"template-page.php","meta":{"_vp_format_video_url":"","_vp_image_focal_point":[],"footnotes":""},"class_list":["post-6450","page","type-page","status-publish","hentry"],"acf":[],"_links":{"self":[{"href":"https:\/\/findmystoneremnants.ca\/fr\/wp-json\/wp\/v2\/pages\/6450","targetHints":{"allow":["GET"]}}],"collection":[{"href":"https:\/\/findmystoneremnants.ca\/fr\/wp-json\/wp\/v2\/pages"}],"about":[{"href":"https:\/\/findmystoneremnants.ca\/fr\/wp-json\/wp\/v2\/types\/page"}],"author":[{"embeddable":true,"href":"https:\/\/findmystoneremnants.ca\/fr\/wp-json\/wp\/v2\/users\/1"}],"replies":[{"embeddable":true,"href":"https:\/\/findmystoneremnants.ca\/fr\/wp-json\/wp\/v2\/comments?post=6450"}],"version-history":[{"count":0,"href":"https:\/\/findmystoneremnants.ca\/fr\/wp-json\/wp\/v2\/pages\/6450\/revisions"}],"wp:attachment":[{"href":"https:\/\/findmystoneremnants.ca\/fr\/wp-json\/wp\/v2\/media?parent=6450"}],"curies":[{"name":"wp","href":"https:\/\/api.w.org\/{rel}","templated":true}]}}